{"id":56,"date":"2024-03-18T20:11:40","date_gmt":"2024-03-18T23:11:40","guid":{"rendered":"http:\/\/maquinasnico.com.br\/?page_id=56"},"modified":"2024-03-18T21:41:29","modified_gmt":"2024-03-19T00:41:29","slug":"perguntas-frequentes","status":"publish","type":"page","link":"https:\/\/maquinasnico.com.br\/index.php\/perguntas-frequentes\/","title":{"rendered":"Perguntas Frequentes"},"content":{"rendered":"\t<section class=\"section\" id=\"section_2137183357\">\n\t\t<div class=\"bg section-bg fill bg-fill  bg-loaded\" >\n\n\t\t\t\n\t\t\t\n\t\t\t\n\n\t\t<\/div>\n\n\t\t\n\n\t\t<div class=\"section-content relative\">\n\t\t\t\n<div class=\"row\"  id=\"row-924331697\">\n\n\t<div id=\"col-1994118946\" class=\"col medium-6 small-12 large-6\"  >\n\t\t\t\t<div class=\"col-inner\"  >\n\t\t\t\n\t\t\t\n<h3 class=\"accordion_title\">Perguntas Frequentes<\/h3><div class=\"accordion\">\n\t<div id=\"accordion-604127340\" class=\"accordion-item\">\n\t\t<a id=\"accordion-604127340-label\" class=\"accordion-title plain\" href=\"#accordion-item-onde-posso-comprar?\" aria-expanded=\"false\" aria-controls=\"accordion-604127340-content\" >\n\t\t\t<button class=\"toggle\" aria-label=\"Toggle\"><i class=\"icon-angle-down\"><\/i><\/button>\n\t\t\t<span>Onde posso comprar?<\/span>\n\t\t<\/a>\n\t\t<div id=\"accordion-604127340-content\" class=\"accordion-inner\" aria-labelledby=\"accordion-604127340-label\" >\n\t\t\t\n<p>Podem comprar em nossa loja fisica e online. Temos uma grande equipe que possa tirar suas d\u00favidas, voc\u00ea pode tamb\u00e9m entrar em contato em nossos atendimento telefonico. Telefone: (11) 3019-4444 Whatsapp: (11) 95578-2062<\/p>\n\t\t<\/div>\n\t<\/div>\n\t\n\t<div id=\"accordion-1239765084\" class=\"accordion-item\">\n\t\t<a id=\"accordion-1239765084-label\" class=\"accordion-title plain\" href=\"#accordion-item-quais-as-formas-de-pagamento?\" aria-expanded=\"false\" aria-controls=\"accordion-1239765084-content\" >\n\t\t\t<button class=\"toggle\" aria-label=\"Toggle\"><i class=\"icon-angle-down\"><\/i><\/button>\n\t\t\t<span>Quais as formas de pagamento?<\/span>\n\t\t<\/a>\n\t\t<div id=\"accordion-1239765084-content\" class=\"accordion-inner\" aria-labelledby=\"accordion-1239765084-label\" >\n\t\t\t\n<p>Quais as formas de pagamento?<\/p>\n<p>A Vista com desconto atrav\u00e9s do dep\u00f3sito ou boleto banc\u00e1rio at\u00e9 o parcelamento em at\u00e9 12x atrav\u00e9s de Cart\u00f5es, Financiamento Pr\u00f3prio e at\u00e9 mesmo BNDS<\/p>\n\t\t<\/div>\n\t<\/div>\n\t\n\t<div id=\"accordion-2706635034\" class=\"accordion-item\">\n\t\t<a id=\"accordion-2706635034-label\" class=\"accordion-title plain\" href=\"#accordion-item-como-\u00e9-a-forma-de-entrega-da-maquina?\" aria-expanded=\"false\" aria-controls=\"accordion-2706635034-content\" >\n\t\t\t<button class=\"toggle\" aria-label=\"Toggle\"><i class=\"icon-angle-down\"><\/i><\/button>\n\t\t\t<span>Como \u00e9 a forma de entrega da maquina?<\/span>\n\t\t<\/a>\n\t\t<div id=\"accordion-2706635034-content\" class=\"accordion-inner\" aria-labelledby=\"accordion-2706635034-label\" >\n\t\t\t\n<p>A forma de entrega \u00e9 responsabilidade do comprador, ser\u00e1 enviado de acordo com a forma escolhida pelo cliente, dentro do Prazo de Postagem que ocorre ap\u00f3s a confirma\u00e7\u00e3o do pagamento. O Prazo de Entrega pode variar de acordo com a forma de envio escolhida seja atrav\u00e9s dos Correios ou das Transportadoras.. Os clientes seram informados do C\u00f3digo de Rastreamento ou do Status de Envio do Produto, assim como da estimativa de entrega.<\/p>\n\t\t<\/div>\n\t<\/div>\n\t\n<\/div>\n\t\t<\/div>\n\t\t\t\t\t<\/div>\n\n\t\n\n\t<div id=\"col-2041296101\" class=\"col medium-6 small-12 large-6\"  >\n\t\t\t\t<div class=\"col-inner\"  >\n\t\t\t\n\t\t\t\n\t<div class=\"img has-hover x md-x lg-x y md-y lg-y\" id=\"image_1703091399\">\n\t\t\t\t\t\t\t\t<div class=\"img-inner dark\" >\n\t\t\t<img loading=\"lazy\" decoding=\"async\" width=\"354\" height=\"143\" src=\"https:\/\/maquinasnico.com.br\/wp-content\/uploads\/2024\/03\/image-6.png\" class=\"attachment-large size-large\" alt=\"\" srcset=\"https:\/\/maquinasnico.com.br\/wp-content\/uploads\/2024\/03\/image-6.png 354w, https:\/\/maquinasnico.com.br\/wp-content\/uploads\/2024\/03\/image-6-300x121.png 300w\" sizes=\"auto, (max-width: 354px) 100vw, 354px\" \/>\t\t\t\t\t\t\n\t\t\t\t\t<\/div>\n\t\t\t\t\t\t\t\t\n<style>\n#image_1703091399 {\n  width: 100%;\n}\n<\/style>\n\t<\/div>\n\t\n\t\t<\/div>\n\t\t\t\t\t<\/div>\n\n\t\n<\/div>\n\t\t<\/div>\n\n\t\t\n<style>\n#section_2137183357 {\n  padding-top: 30px;\n  padding-bottom: 30px;\n}\n<\/style>\n\t<\/section>\n\t\n","protected":false},"excerpt":{"rendered":"","protected":false},"author":1,"featured_media":0,"parent":0,"menu_order":0,"comment_status":"closed","ping_status":"closed","template":"","meta":{"footnotes":""},"class_list":["post-56","page","type-page","status-publish","hentry"],"_links":{"self":[{"href":"https:\/\/maquinasnico.com.br\/index.php\/wp-json\/wp\/v2\/pages\/56","targetHints":{"allow":["GET"]}}],"collection":[{"href":"https:\/\/maquinasnico.com.br\/index.php\/wp-json\/wp\/v2\/pages"}],"about":[{"href":"https:\/\/maquinasnico.com.br\/index.php\/wp-json\/wp\/v2\/types\/page"}],"author":[{"embeddable":true,"href":"https:\/\/maquinasnico.com.br\/index.php\/wp-json\/wp\/v2\/users\/1"}],"replies":[{"embeddable":true,"href":"https:\/\/maquinasnico.com.br\/index.php\/wp-json\/wp\/v2\/comments?post=56"}],"version-history":[{"count":7,"href":"https:\/\/maquinasnico.com.br\/index.php\/wp-json\/wp\/v2\/pages\/56\/revisions"}],"predecessor-version":[{"id":73,"href":"https:\/\/maquinasnico.com.br\/index.php\/wp-json\/wp\/v2\/pages\/56\/revisions\/73"}],"wp:attachment":[{"href":"https:\/\/maquinasnico.com.br\/index.php\/wp-json\/wp\/v2\/media?parent=56"}],"curies":[{"name":"wp","href":"https:\/\/api.w.org\/{rel}","templated":true}]}}